{"id":4256,"date":"2021-11-08T09:38:14","date_gmt":"2021-11-08T08:38:14","guid":{"rendered":"http:\/\/s311872435.onlinehome.fr\/imagine-isere\/?page_id=4256"},"modified":"2022-03-16T18:37:26","modified_gmt":"2022-03-16T17:37:26","slug":"adherer-au-projet","status":"publish","type":"page","link":"https:\/\/www.imagine-isere.com\/fr\/soutenir\/adherer-au-projet\/","title":{"rendered":"Adh\u00e9rer au projet"},"content":{"rendered":"[vc_row][vc_column][vc_column_text]<span style=\"font-weight: 400;\">Partenaires priv\u00e9s ou institutionnels, professionnels ou particuliers : de nombreux acteurs ont d\u00e9j\u00e0 apport\u00e9 leur soutien au projet de renaissance de l\u2019Is\u00e8re.<\/span><br \/>\n<span style=\"font-weight: 400;\">C\u2019est gr\u00e2ce \u00e0 l\u2019engagement de tous que cette ambitieuse mission pourra se concr\u00e9tiser.\u00a0<\/span><br \/>\n<span style=\"font-weight: 400;\">A titre anecdotique, si chaque citoyen fran\u00e7ais et am\u00e9ricain faisait don d\u2019un euro, cela permettrait de r\u00e9colter suffisamment de fonds pour garantir la construction du navire\u2026 et l&rsquo;organisation de plusieurs \u00e9v\u00e9nements internationaux \u00e0 son bord.<\/span><br \/>\n<span style=\"font-weight: 400;\">Il n\u2019y a pas de petites ou de grandes contributions. <\/span><span style=\"font-weight: 400;\">A l\u2019\u00e9chelle de ce projet universel, chaque geste compte.<\/span><\/p>\n<h3><span style=\"font-weight: 400;\">Soutenir le projet :\u00a0<\/span><i><\/i><\/h3>\n[\/vc_column_text][vc_row_inner][vc_column_inner width=\u00a0\u00bb1\/4&Prime;][vc_btn title=\u00a0\u00bbAdh\u00e9rer \u00e0 l&rsquo;association\u00a0\u00bb style=\u00a0\u00bbflat\u00a0\u00bb shape=\u00a0\u00bbsquare\u00a0\u00bb color=\u00a0\u00bbblack\u00a0\u00bb size=\u00a0\u00bblg\u00a0\u00bb link=\u00a0\u00bburl:http%3A%2F%2Fs311872435.onlinehome.fr%2Fimagine-isere%2Ffr%2Fadherer-a-lassociation%2F|title:Adh%C3%A9rer%20%C3%A0%20l%E2%80%99association\u00a0\u00bb][\/vc_column_inner][vc_column_inner width=\u00a0\u00bb1\/4&Prime;][vc_btn title=\u00a0\u00bbFaire un don\u00a0\u00bb style=\u00a0\u00bbflat\u00a0\u00bb shape=\u00a0\u00bbsquare\u00a0\u00bb color=\u00a0\u00bbblack\u00a0\u00bb size=\u00a0\u00bblg\u00a0\u00bb link=\u00a0\u00bburl:http%3A%2F%2Fs311872435.onlinehome.fr%2Fimagine-isere%2Ffr%2Ffaire-un-don%2F|title:Faire%20un%20don\u00a0\u00bb][\/vc_column_inner][vc_column_inner width=\u00a0\u00bb1\/4&Prime;][\/vc_column_inner][vc_column_inner width=\u00a0\u00bb1\/4&Prime;][\/vc_column_inner][\/vc_row_inner][\/vc_column][\/vc_row][vc_row][vc_column][vc_empty_space][\/vc_column][\/vc_row]\n","protected":false},"excerpt":{"rendered":"<p>[vc_row][vc_column][vc_column_text]Partenaires priv\u00e9s ou institutionnels, professionnels ou particuliers : de nombreux acteurs ont d\u00e9j\u00e0 apport\u00e9 leur soutien au projet de renaissance de l\u2019Is\u00e8re. C\u2019est gr\u00e2ce \u00e0 l\u2019engagement de tous que cette ambitieuse mission pourra se concr\u00e9tiser.\u00a0 A titre anecdotique, si chaque citoyen fran\u00e7ais et am\u00e9ricain faisait don d\u2019un euro, cela permettrait&hellip;<\/p>\n","protected":false},"author":1,"featured_media":0,"parent":4274,"menu_order":0,"comment_status":"closed","ping_status":"closed","template":"","meta":{"footnotes":""},"class_list":["post-4256","page","type-page","status-publish","hentry"],"_links":{"self":[{"href":"https:\/\/www.imagine-isere.com\/fr\/wp-json\/wp\/v2\/pages\/4256","targetHints":{"allow":["GET"]}}],"collection":[{"href":"https:\/\/www.imagine-isere.com\/fr\/wp-json\/wp\/v2\/pages"}],"about":[{"href":"https:\/\/www.imagine-isere.com\/fr\/wp-json\/wp\/v2\/types\/page"}],"author":[{"embeddable":true,"href":"https:\/\/www.imagine-isere.com\/fr\/wp-json\/wp\/v2\/users\/1"}],"replies":[{"embeddable":true,"href":"https:\/\/www.imagine-isere.com\/fr\/wp-json\/wp\/v2\/comments?post=4256"}],"version-history":[{"count":6,"href":"https:\/\/www.imagine-isere.com\/fr\/wp-json\/wp\/v2\/pages\/4256\/revisions"}],"predecessor-version":[{"id":5158,"href":"https:\/\/www.imagine-isere.com\/fr\/wp-json\/wp\/v2\/pages\/4256\/revisions\/5158"}],"up":[{"embeddable":true,"href":"https:\/\/www.imagine-isere.com\/fr\/wp-json\/wp\/v2\/pages\/4274"}],"wp:attachment":[{"href":"https:\/\/www.imagine-isere.com\/fr\/wp-json\/wp\/v2\/media?parent=4256"}],"curies":[{"name":"wp","href":"https:\/\/api.w.org\/{rel}","templated":true}]}}