{"id":4064,"date":"2021-06-11T15:33:36","date_gmt":"2021-06-11T13:33:36","guid":{"rendered":"http:\/\/s311872435.onlinehome.fr\/imagine-isere\/?page_id=4064"},"modified":"2022-01-12T20:46:18","modified_gmt":"2022-01-12T19:46:18","slug":"lassociation","status":"publish","type":"page","link":"https:\/\/www.imagine-isere.com\/fr\/decouvrir\/lassociation\/","title":{"rendered":"L&rsquo;association"},"content":{"rendered":"[vc_row][vc_column][vc_single_image image=\u00a0\u00bb4567&Prime; img_size=\u00a0\u00bbfull\u00a0\u00bb][\/vc_column][\/vc_row][vc_row][vc_column width=\u00a0\u00bb1\/2&Prime;][vc_column_text]<span style=\"font-weight: 400;\">Fond\u00e9e \u00e0 Nantes en 2020, l\u2019association Imagine Is\u00e8re a pour objet de cr\u00e9er, faciliter et promouvoir un large panel de projets culturels, \u00e9conomiques, innovants et collaboratifs autour d\u2019un projet phare : la renaissance de l\u2019Is\u00e8re.<\/span><\/p>\n<p><span style=\"font-weight: 400;\">Symbole de l\u2019excellence universelle, cette fr\u00e9gate fran\u00e7aise a \u00e9rig\u00e9, en 1885, un pont entre deux continents et deux cultures, renfor\u00e7ant les liens de l\u2019amiti\u00e9 franco-am\u00e9ricaine.<\/span><\/p>\n<p><span style=\"font-weight: 400;\">La mise en lumi\u00e8re des m\u00e9tiers de l\u2019artisanat, la valorisation d\u2019un patrimoine unique, aussi fragile que pr\u00e9cieux, et la perp\u00e9tuation des relations historiques tiss\u00e9es entre la France et les Etats-Unis refl\u00e8tent les principales missions et valeurs port\u00e9es par l\u2019association Imagine Is\u00e8re.<\/span><\/p>\n<p><span style=\"font-weight: 400;\">Professionnels ou particuliers, des hommes et des femmes de toutes nationalit\u00e9s ont d\u00e9j\u00e0 rejoint le projet.<\/span><\/p>\n<p><span style=\"font-weight: 400;\">Vous aussi, embarquez \u00e0 bord de cette formidable aventure qu\u2019est la renaissance de l\u2019Is\u00e8re et rejoignez l\u2019association.<\/span>[\/vc_column_text][\/vc_column][vc_column width=\u00a0\u00bb1\/2&Prime;][vc_single_image image=\u00a0\u00bb4564&Prime; img_size=\u00a0\u00bbfull\u00a0\u00bb][\/vc_column][\/vc_row]\n","protected":false},"excerpt":{"rendered":"<p>[vc_row][vc_column][vc_single_image image=\u00a0\u00bb4567&Prime; img_size=\u00a0\u00bbfull\u00a0\u00bb][\/vc_column][\/vc_row][vc_row][vc_column width=\u00a0\u00bb1\/2&Prime;][vc_column_text]Fond\u00e9e \u00e0 Nantes en 2020, l\u2019association Imagine Is\u00e8re a pour objet de cr\u00e9er, faciliter et promouvoir un large panel de projets culturels, \u00e9conomiques, innovants et collaboratifs autour d\u2019un projet phare : la renaissance de l\u2019Is\u00e8re. Symbole de l\u2019excellence universelle, cette fr\u00e9gate fran\u00e7aise a \u00e9rig\u00e9, en 1885, un&hellip;<\/p>\n","protected":false},"author":1,"featured_media":0,"parent":4272,"menu_order":0,"comment_status":"closed","ping_status":"closed","template":"","meta":{"footnotes":""},"class_list":["post-4064","page","type-page","status-publish","hentry"],"_links":{"self":[{"href":"https:\/\/www.imagine-isere.com\/fr\/wp-json\/wp\/v2\/pages\/4064","targetHints":{"allow":["GET"]}}],"collection":[{"href":"https:\/\/www.imagine-isere.com\/fr\/wp-json\/wp\/v2\/pages"}],"about":[{"href":"https:\/\/www.imagine-isere.com\/fr\/wp-json\/wp\/v2\/types\/page"}],"author":[{"embeddable":true,"href":"https:\/\/www.imagine-isere.com\/fr\/wp-json\/wp\/v2\/users\/1"}],"replies":[{"embeddable":true,"href":"https:\/\/www.imagine-isere.com\/fr\/wp-json\/wp\/v2\/comments?post=4064"}],"version-history":[{"count":5,"href":"https:\/\/www.imagine-isere.com\/fr\/wp-json\/wp\/v2\/pages\/4064\/revisions"}],"predecessor-version":[{"id":4568,"href":"https:\/\/www.imagine-isere.com\/fr\/wp-json\/wp\/v2\/pages\/4064\/revisions\/4568"}],"up":[{"embeddable":true,"href":"https:\/\/www.imagine-isere.com\/fr\/wp-json\/wp\/v2\/pages\/4272"}],"wp:attachment":[{"href":"https:\/\/www.imagine-isere.com\/fr\/wp-json\/wp\/v2\/media?parent=4064"}],"curies":[{"name":"wp","href":"https:\/\/api.w.org\/{rel}","templated":true}]}}