{"id":4062,"date":"2021-06-11T15:33:11","date_gmt":"2021-06-11T13:33:11","guid":{"rendered":"http:\/\/s311872435.onlinehome.fr\/imagine-isere\/?page_id=4062"},"modified":"2022-03-08T09:58:30","modified_gmt":"2022-03-08T08:58:30","slug":"le-projet","status":"publish","type":"page","link":"https:\/\/www.imagine-isere.com\/fr\/decouvrir\/le-projet\/","title":{"rendered":"Le projet"},"content":{"rendered":"[vc_row][vc_column][vc_column_text]\n<h2 class=\"entry-title\" style=\"text-align: center;\">Faire rena\u00eetre un symbole : un nouvel Is\u00e8re pour 2026<\/h2>\n[\/vc_column_text][\/vc_column][\/vc_row][vc_row][vc_column width=\u00a0\u00bb1\/2&Prime;][vc_column_text]\n<div class=\"col-md-12\">\n<p><span style=\"font-weight: 400;\">A l\u2019horizon 2026, un ambitieux projet se pr\u00e9pare : la construction d\u2019un grand voilier, unique au monde. Renouant avec les fonctions originelles de la fr\u00e9gate mythique ayant transport\u00e9 la Statue de la Libert\u00e9, il ne s\u2019agira pas d\u2019une r\u00e9plique mais d\u2019un navire tourn\u00e9 vers l\u2019avenir\u2026<\/span><\/p>\n<p><span style=\"font-weight: 400;\">Si la construction d\u2019un nouvel Is\u00e8re est une entreprise ambitieuse, elle l\u2019est encore plus par le message et les valeurs qu\u2019elle d\u00e9sire promouvoir.\u00a0<\/span><\/p>\n<p><span style=\"font-weight: 400;\">Dans notre soci\u00e9t\u00e9 actuelle, cette initiative appara\u00eet comme un souffle nouveau, une bulle d\u2019oxyg\u00e8ne, visant \u00e0 ramener davantage de fraternit\u00e9 et de bienveillance sur notre plan\u00e8te.<\/span><\/p>\n<p><span style=\"font-weight: 400;\">Beaucoup l\u2019ignorent : la construction de la Statue de la Libert\u00e9 a vu le jour sans l\u2019aide d\u2019aucun gouvernement, mais bel et bien gr\u00e2ce \u00e0 la contribution financi\u00e8re de milliers de citoyens Fran\u00e7ais et Am\u00e9ricains.\u00a0<\/span><\/p>\n<p><span style=\"font-weight: 400;\">S\u2019inscrivant dans la m\u00eame lign\u00e9e, la renaissance de l\u2019Is\u00e8re n\u2019est pas une initiative priv\u00e9e, mais bien un projet aux dimensions collectives et internationales.<\/span><\/p>\n<\/div>\n[\/vc_column_text][\/vc_column][vc_column width=\u00a0\u00bb1\/2&Prime;][vc_single_image image=\u00a0\u00bb4147&Prime; img_size=\u00a0\u00bblarge\u00a0\u00bb][\/vc_column][\/vc_row][vc_row][vc_column]\t<div class=\"et-testimonial \">\n\t\t<blockquote><p>Si tu veux construire un bateau, ne rassemble pas tes hommes et femmes pour leur donner des ordres, pour expliquer chaque d\u00e9tail, pour leur dire o\u00f9 trouver chaque chose. Si tu veux construire un bateau, fais na\u00eetre dans le c\u0153ur de tes hommes et femmes le d\u00e9sir de la mer.<\/p>\n<\/blockquote>\n\t\t\t\t\t<div class=\"et-testimonial-image\"><\/div>\n\t\t\t<div class=\"et-testimonial-author\">\n\t\t\t\t<cite>Antoine de Saint-Exup\u00e9ry<\/cite>\t\t\t<\/div>\n\t\t\t<\/div>\n\n\t[vc_empty_space][\/vc_column][\/vc_row][vc_row et_full_width=\u00a0\u00bbtrue\u00a0\u00bb css=\u00a0\u00bb.vc_custom_1624012990374{background-color: #e0e0e0 !important;}\u00a0\u00bb][vc_column][vc_empty_space][vc_column_text]\n<h2 style=\"text-align: center;\"><strong>UN NAVIRE<\/strong><\/h2>\n[\/vc_column_text][vc_row_inner css=\u00a0\u00bb.vc_custom_1624012927675{background-color: #e0e0e0 !important;}\u00a0\u00bb][vc_column_inner width=\u00a0\u00bb1\/3&Prime;][vc_column_text]\n<h3 style=\"text-align: center;\">Un navire ambassadeur de l&rsquo;excellence<\/h3>\n<p><span style=\"font-weight: 400;\">Gage d\u2019authenticit\u00e9 et d\u2019excellence, l\u2019artisanat est un h\u00e9ritage pr\u00e9cieux, gage d\u2019un savoir-faire qu\u2019il faut promouvoir et perp\u00e9tuer.\u00a0<\/span><\/p>\n<p><span style=\"font-weight: 400;\">A l\u2019image de la fr\u00e9gate \u00e9ponyme, l\u2019Is\u00e8re se positionnera comme un navire ambassadeur de l\u2019excellence universelle, en accueillant \u00e0 son bord les meilleures entreprises et artisans venus du monde entier. A travers l\u2019espace showroom du voilier, ces\u00a0 derniers b\u00e9n\u00e9ficieront d\u2019un lieu unique pour partager leur passion et pr\u00e9senter leurs cr\u00e9ations au rythme des escales de l\u2019Is\u00e8re dans le monde entier.<\/span>[\/vc_column_text][\/vc_column_inner][vc_column_inner width=\u00a0\u00bb1\/3&Prime;][vc_column_text]\n<h3 style=\"text-align: center;\">Un navire unique au monde<\/h3>\n<p><span style=\"font-weight: 400;\">Ce b\u00e2timent marquera les esprits et laissera son empreinte dans les m\u00e9moires. Son design moderne et singulier lui conf\u00e9rera une aura unique et le distinguera des autres grands navires. Soucieux de b\u00e2tir un futur responsable, l\u2019Is\u00e8re combinera un mode de construction \u00e9cologique et un syst\u00e8me de propulsion respectueux de l\u2019environnement.<\/span><\/p>\n<p><img loading=\"lazy\" decoding=\"async\" class=\"wp-image-4557 size-full aligncenter\" src=\"http:\/\/s311872435.onlinehome.fr\/imagine-isere\/wp-content\/uploads\/2022\/01\/isere-profil.jpg\" alt=\"\" width=\"1000\" height=\"562\" srcset=\"https:\/\/www.imagine-isere.com\/wp-content\/uploads\/2022\/01\/isere-profil.jpg 1000w, https:\/\/www.imagine-isere.com\/wp-content\/uploads\/2022\/01\/isere-profil-300x169.jpg 300w, https:\/\/www.imagine-isere.com\/wp-content\/uploads\/2022\/01\/isere-profil-768x432.jpg 768w, https:\/\/www.imagine-isere.com\/wp-content\/uploads\/2022\/01\/isere-profil-150x84.jpg 150w, https:\/\/www.imagine-isere.com\/wp-content\/uploads\/2022\/01\/isere-profil-450x253.jpg 450w, https:\/\/www.imagine-isere.com\/wp-content\/uploads\/2022\/01\/isere-profil-900x506.jpg 900w\" sizes=\"auto, (max-width: 1000px) 100vw, 1000px\" \/><\/p>\n<blockquote><p><b><i>\u2018\u2019Le r\u00eave est incontestablement le premier des chemins qui conduisent \u00e0 la libert\u00e9.<\/i><\/b><\/p>\n<p><b><i>R\u00eaver, c\u2019est d\u00e9j\u00e0 \u00eatre libre.\u2019\u2019<\/i><\/b><\/p><\/blockquote>\n<p>&nbsp;<\/p>\n<p style=\"text-align: right;\"><span style=\"font-weight: 400;\">Frank\u00e9tienne<\/span><\/p>\n[\/vc_column_text][\/vc_column_inner][vc_column_inner width=\u00a0\u00bb1\/3&Prime;][vc_column_text]\n<h3 style=\"text-align: center;\">Un navire cr\u00e9ateur d&rsquo;exp\u00e9riences<\/h3>\n<p><span style=\"font-weight: 400;\">L\u2019Is\u00e8re cr\u00e9era l\u2019\u00e9v\u00e9nement lors de ses escales dans tous les ports du monde.\u00a0<\/span><\/p>\n<p><span style=\"font-weight: 400;\">Travers\u00e9es th\u00e9matiques, expositions, d\u00eeners de Gala, conf\u00e9rences\u2026 En tissant des liens entre les hommes et les cultures, l\u2019Is\u00e8re s\u2019enrichira de ses rencontres \u00e0 travers le monde et partagera avec ses passagers un voyage inoubliable\u2026<\/span><\/p>\n<p><img loading=\"lazy\" decoding=\"async\" class=\"alignnone wp-image-5089 size-large\" src=\"http:\/\/s311872435.onlinehome.fr\/imagine-isere\/wp-content\/uploads\/2022\/01\/voir-isere-1024x434.png\" alt=\"\" width=\"1024\" height=\"434\" srcset=\"https:\/\/www.imagine-isere.com\/wp-content\/uploads\/2022\/01\/voir-isere-1024x434.png 1024w, https:\/\/www.imagine-isere.com\/wp-content\/uploads\/2022\/01\/voir-isere-300x127.png 300w, https:\/\/www.imagine-isere.com\/wp-content\/uploads\/2022\/01\/voir-isere-768x326.png 768w, https:\/\/www.imagine-isere.com\/wp-content\/uploads\/2022\/01\/voir-isere-1536x652.png 1536w, https:\/\/www.imagine-isere.com\/wp-content\/uploads\/2022\/01\/voir-isere-2048x869.png 2048w, https:\/\/www.imagine-isere.com\/wp-content\/uploads\/2022\/01\/voir-isere-150x64.png 150w, https:\/\/www.imagine-isere.com\/wp-content\/uploads\/2022\/01\/voir-isere-450x191.png 450w, https:\/\/www.imagine-isere.com\/wp-content\/uploads\/2022\/01\/voir-isere-900x382.png 900w\" sizes=\"auto, (max-width: 1024px) 100vw, 1024px\" \/>[\/vc_column_text][vc_single_image image=\u00a0\u00bb4555&Prime; img_size=\u00a0\u00bbfull\u00a0\u00bb][\/vc_column_inner][\/vc_row_inner][\/vc_column][\/vc_row][vc_row][vc_column][vc_empty_space][vc_column_text]\n<h2>Une premi\u00e8re renaissance artistique<\/h2>\n<p><span style=\"font-weight: 400;\">Si le v\u00e9ritable Is\u00e8re sortira des chantiers pour 2026, sa version chim\u00e9rique existe, quant \u00e0 elle, d\u00e9j\u00e0 bel et bien.\u00a0<\/span><\/p>\n<p><span style=\"font-weight: 400;\">Offrant la part belle au r\u00eave, cette interpr\u00e9tation artistique est une invitation \u00e0 vivre un voyage imaginaire, \u00e0 bord d\u2019un extraordinaire a\u00e9ronef. Une th\u00e9matique que Didier Graffet se pla\u00eet \u00e0 explorer \u00e0 travers de nombreuses toiles et esquisses.<\/span><\/p>\n<p><span style=\"font-weight: 400;\">C\u2019est donc vers cet illustrateur talentueux que l\u2019association Imagine Is\u00e8re s\u2019est tourn\u00e9e, lui confiant ainsi cette premi\u00e8re renaissance artistique.<\/span><\/p>\n[\/vc_column_text][\/vc_column][\/vc_row][vc_row][vc_column width=\u00a0\u00bb2\/3&Prime;][vc_single_image image=\u00a0\u00bb4150&Prime; img_size=\u00a0\u00bbfull\u00a0\u00bb][\/vc_column][vc_column width=\u00a0\u00bb1\/3&Prime;][vc_single_image image=\u00a0\u00bb4561&Prime; img_size=\u00a0\u00bbfull\u00a0\u00bb][\/vc_column][\/vc_row][vc_row][vc_column][vc_video link=\u00a0\u00bbhttps:\/\/youtu.be\/dn1nYkiBbj8&Prime; align=\u00a0\u00bbcenter\u00a0\u00bb][vc_empty_space][\/vc_column][\/vc_row]\n","protected":false},"excerpt":{"rendered":"<p>[vc_row][vc_column][vc_column_text] Faire rena\u00eetre un symbole : un nouvel Is\u00e8re pour 2026 [\/vc_column_text][\/vc_column][\/vc_row][vc_row][vc_column width=\u00a0\u00bb1\/2&Prime;][vc_column_text] A l\u2019horizon 2026, un ambitieux projet se pr\u00e9pare : la construction d\u2019un grand voilier, unique au monde. Renouant avec les fonctions originelles de la fr\u00e9gate mythique ayant transport\u00e9 la Statue de la Libert\u00e9, il ne s\u2019agira pas&hellip;<\/p>\n","protected":false},"author":1,"featured_media":0,"parent":4272,"menu_order":0,"comment_status":"closed","ping_status":"closed","template":"","meta":{"footnotes":""},"class_list":["post-4062","page","type-page","status-publish","hentry"],"_links":{"self":[{"href":"https:\/\/www.imagine-isere.com\/fr\/wp-json\/wp\/v2\/pages\/4062","targetHints":{"allow":["GET"]}}],"collection":[{"href":"https:\/\/www.imagine-isere.com\/fr\/wp-json\/wp\/v2\/pages"}],"about":[{"href":"https:\/\/www.imagine-isere.com\/fr\/wp-json\/wp\/v2\/types\/page"}],"author":[{"embeddable":true,"href":"https:\/\/www.imagine-isere.com\/fr\/wp-json\/wp\/v2\/users\/1"}],"replies":[{"embeddable":true,"href":"https:\/\/www.imagine-isere.com\/fr\/wp-json\/wp\/v2\/comments?post=4062"}],"version-history":[{"count":31,"href":"https:\/\/www.imagine-isere.com\/fr\/wp-json\/wp\/v2\/pages\/4062\/revisions"}],"predecessor-version":[{"id":4133,"href":"https:\/\/www.imagine-isere.com\/fr\/wp-json\/wp\/v2\/pages\/4062\/revisions\/4133"}],"up":[{"embeddable":true,"href":"https:\/\/www.imagine-isere.com\/fr\/wp-json\/wp\/v2\/pages\/4272"}],"wp:attachment":[{"href":"https:\/\/www.imagine-isere.com\/fr\/wp-json\/wp\/v2\/media?parent=4062"}],"curies":[{"name":"wp","href":"https:\/\/api.w.org\/{rel}","templated":true}]}}